{"id":5189,"date":"2024-08-23T09:15:29","date_gmt":"2024-08-23T09:15:29","guid":{"rendered":"https:\/\/www.rmk.be\/accueil-et-salles-de-reunion-immeuble-de-bureaux\/"},"modified":"2025-03-17T12:34:11","modified_gmt":"2025-03-17T12:34:11","slug":"accueil-et-salles-de-reunion-immeuble-de-bureaux","status":"publish","type":"page","link":"https:\/\/www.rmk.be\/fr\/accueil-et-salles-de-reunion-immeuble-de-bureaux\/","title":{"rendered":"Accueil et salles de r\u00e9union immeuble de bureaux"},"content":{"rendered":"\t\t<div data-elementor-type=\"wp-page\" data-elementor-id=\"5189\" class=\"elementor elementor-5189 elementor-5116\" data-elementor-post-type=\"page\">\n\t\t\t\t\t\t<section class=\"elementor-section elementor-top-section elementor-element elementor-element-d6ac9b5 elementor-section-boxed elementor-section-height-default elementor-section-height-default\" data-id=\"d6ac9b5\" data-element_type=\"section\" data-e-type=\"section\">\n\t\t\t\t\t\t<div class=\"elementor-container elementor-column-gap-default\">\n\t\t\t\t\t<div class=\"elementor-column elementor-col-100 elementor-top-column elementor-element elementor-element-dbe63db\" data-id=\"dbe63db\" data-element_type=\"column\" data-e-type=\"column\">\n\t\t\t<div class=\"elementor-widget-wrap elementor-element-populated\">\n\t\t\t\t\t\t<div class=\"elementor-element elementor-element-b2e2a4c elementor-widget__width-initial elementor-widget elementor-widget-text-editor\" data-id=\"b2e2a4c\" data-element_type=\"widget\" data-e-type=\"widget\" data-widget_type=\"text-editor.default\">\n\t\t\t\t<div class=\"elementor-widget-container\">\n\t\t\t\t\t\t\t\t\t<p>Le grand hall d&rsquo;entr\u00e9e et les salles de r\u00e9union ont fait l&rsquo;objet d&rsquo;un s\u00e9rieux lifting. La r\u00e9ception a \u00e9t\u00e9 d\u00e9plac\u00e9e. Les salles de r\u00e9union ont \u00e9t\u00e9 \u00e9quip\u00e9es de cloisons mobiles entre elles et de parois de couloir vitr\u00e9es. Un plafond acoustique a \u00e9t\u00e9 install\u00e9 dans les salles de r\u00e9union.<\/p>\n\t\t\t\t\t\t\t\t<\/div>\n\t\t\t\t<\/div>\n\t\t\t\t\t<\/div>\n\t\t<\/div>\n\t\t\t\t\t<\/div>\n\t\t<\/section>\n\t\t\t\t<section class=\"elementor-section elementor-top-section elementor-element elementor-element-ebb3618 elementor-section-boxed elementor-section-height-default elementor-section-height-default\" data-id=\"ebb3618\" data-element_type=\"section\" data-e-type=\"section\">\n\t\t\t\t\t\t<div class=\"elementor-container elementor-column-gap-default\">\n\t\t\t\t\t<div class=\"elementor-column elementor-col-100 elementor-top-column elementor-element elementor-element-ad9affa\" data-id=\"ad9affa\" data-element_type=\"column\" data-e-type=\"column\">\n\t\t\t<div class=\"elementor-widget-wrap elementor-element-populated\">\n\t\t\t\t\t\t<div class=\"elementor-element elementor-element-60e53f1 elementor-widget elementor-widget-gallery\" data-id=\"60e53f1\" data-element_type=\"widget\" data-e-type=\"widget\" data-settings=\"{&quot;gallery_layout&quot;:&quot;justified&quot;,&quot;ideal_row_height&quot;:{&quot;unit&quot;:&quot;px&quot;,&quot;size&quot;:400,&quot;sizes&quot;:[]},&quot;lazyload&quot;:&quot;yes&quot;,&quot;ideal_row_height_tablet&quot;:{&quot;unit&quot;:&quot;px&quot;,&quot;size&quot;:150,&quot;sizes&quot;:[]},&quot;ideal_row_height_mobile&quot;:{&quot;unit&quot;:&quot;px&quot;,&quot;size&quot;:150,&quot;sizes&quot;:[]},&quot;gap&quot;:{&quot;unit&quot;:&quot;px&quot;,&quot;size&quot;:10,&quot;sizes&quot;:[]},&quot;gap_tablet&quot;:{&quot;unit&quot;:&quot;px&quot;,&quot;size&quot;:10,&quot;sizes&quot;:[]},&quot;gap_mobile&quot;:{&quot;unit&quot;:&quot;px&quot;,&quot;size&quot;:10,&quot;sizes&quot;:[]},&quot;link_to&quot;:&quot;file&quot;,&quot;overlay_background&quot;:&quot;yes&quot;,&quot;content_hover_animation&quot;:&quot;fade-in&quot;}\" data-widget_type=\"gallery.default\">\n\t\t\t\t<div class=\"elementor-widget-container\">\n\t\t\t\t\t\t\t<div class=\"elementor-gallery__container\">\n\t\t\t\t\t\t\t<a class=\"e-gallery-item elementor-gallery-item elementor-animated-content\" href=\"https:\/\/www.rmk.be\/wp-content\/uploads\/2024\/07\/BMC_Roularta-19-scaled-e1719843369703.jpg\" data-elementor-open-lightbox=\"yes\" data-elementor-lightbox-slideshow=\"60e53f1\" data-e-action-hash=\"#elementor-action%3Aaction%3Dlightbox%26settings%3DeyJpZCI6NTAxMywidXJsIjoiaHR0cHM6XC9cL3d3dy5ybWsuYmVcL3dwLWNvbnRlbnRcL3VwbG9hZHNcLzIwMjRcLzA3XC9CTUNfUm91bGFydGEtMTktc2NhbGVkLWUxNzE5ODQzMzY5NzAzLmpwZyIsInNsaWRlc2hvdyI6IjYwZTUzZjEifQ%3D%3D\">\n\t\t\t\t\t<div class=\"e-gallery-image elementor-gallery-item__image\" data-thumbnail=\"https:\/\/www.rmk.be\/wp-content\/uploads\/2024\/07\/BMC_Roularta-19-scaled-e1719843369703-1024x1024.jpg\" data-width=\"1024\" data-height=\"1024\" aria-label=\"\" role=\"img\" ><\/div>\n\t\t\t\t\t\t\t\t\t\t\t<div class=\"elementor-gallery-item__overlay\"><\/div>\n\t\t\t\t\t\t\t\t\t\t\t\t\t\t<\/a>\n\t\t\t\t\t\t\t<a class=\"e-gallery-item elementor-gallery-item elementor-animated-content\" href=\"https:\/\/www.rmk.be\/wp-content\/uploads\/2024\/07\/BMC_Roularta-15-scaled.jpg\" data-elementor-open-lightbox=\"yes\" data-elementor-lightbox-slideshow=\"60e53f1\" data-e-action-hash=\"#elementor-action%3Aaction%3Dlightbox%26settings%3DeyJpZCI6NTAxMCwidXJsIjoiaHR0cHM6XC9cL3d3dy5ybWsuYmVcL3dwLWNvbnRlbnRcL3VwbG9hZHNcLzIwMjRcLzA3XC9CTUNfUm91bGFydGEtMTUtc2NhbGVkLmpwZyIsInNsaWRlc2hvdyI6IjYwZTUzZjEifQ%3D%3D\">\n\t\t\t\t\t<div class=\"e-gallery-image elementor-gallery-item__image\" data-thumbnail=\"https:\/\/www.rmk.be\/wp-content\/uploads\/2024\/07\/BMC_Roularta-15-1024x842.jpg\" data-width=\"1024\" data-height=\"842\" aria-label=\"\" role=\"img\" ><\/div>\n\t\t\t\t\t\t\t\t\t\t\t<div class=\"elementor-gallery-item__overlay\"><\/div>\n\t\t\t\t\t\t\t\t\t\t\t\t\t\t<\/a>\n\t\t\t\t\t\t\t<a class=\"e-gallery-item elementor-gallery-item elementor-animated-content\" href=\"https:\/\/www.rmk.be\/wp-content\/uploads\/2024\/07\/BMC_Roularta-04-scaled.jpg\" data-elementor-open-lightbox=\"yes\" data-elementor-lightbox-slideshow=\"60e53f1\" data-e-action-hash=\"#elementor-action%3Aaction%3Dlightbox%26settings%3DeyJpZCI6NTAwNCwidXJsIjoiaHR0cHM6XC9cL3d3dy5ybWsuYmVcL3dwLWNvbnRlbnRcL3VwbG9hZHNcLzIwMjRcLzA3XC9CTUNfUm91bGFydGEtMDQtc2NhbGVkLmpwZyIsInNsaWRlc2hvdyI6IjYwZTUzZjEifQ%3D%3D\">\n\t\t\t\t\t<div class=\"e-gallery-image elementor-gallery-item__image\" data-thumbnail=\"https:\/\/www.rmk.be\/wp-content\/uploads\/2024\/07\/BMC_Roularta-04-1024x675.jpg\" data-width=\"1024\" data-height=\"675\" aria-label=\"\" role=\"img\" ><\/div>\n\t\t\t\t\t\t\t\t\t\t\t<div class=\"elementor-gallery-item__overlay\"><\/div>\n\t\t\t\t\t\t\t\t\t\t\t\t\t\t<\/a>\n\t\t\t\t\t\t\t<a class=\"e-gallery-item elementor-gallery-item elementor-animated-content\" href=\"https:\/\/www.rmk.be\/wp-content\/uploads\/2024\/07\/BMC_Roularta-27-scaled.jpg\" data-elementor-open-lightbox=\"yes\" data-elementor-lightbox-slideshow=\"60e53f1\" data-e-action-hash=\"#elementor-action%3Aaction%3Dlightbox%26settings%3DeyJpZCI6NTAxOSwidXJsIjoiaHR0cHM6XC9cL3d3dy5ybWsuYmVcL3dwLWNvbnRlbnRcL3VwbG9hZHNcLzIwMjRcLzA3XC9CTUNfUm91bGFydGEtMjctc2NhbGVkLmpwZyIsInNsaWRlc2hvdyI6IjYwZTUzZjEifQ%3D%3D\">\n\t\t\t\t\t<div class=\"e-gallery-image elementor-gallery-item__image\" data-thumbnail=\"https:\/\/www.rmk.be\/wp-content\/uploads\/2024\/07\/BMC_Roularta-27-687x1024.jpg\" data-width=\"687\" data-height=\"1024\" aria-label=\"\" role=\"img\" ><\/div>\n\t\t\t\t\t\t\t\t\t\t\t<div class=\"elementor-gallery-item__overlay\"><\/div>\n\t\t\t\t\t\t\t\t\t\t\t\t\t\t<\/a>\n\t\t\t\t\t\t\t<a class=\"e-gallery-item elementor-gallery-item elementor-animated-content\" href=\"https:\/\/www.rmk.be\/wp-content\/uploads\/2024\/07\/BMC_Roularta-22-scaled.jpg\" data-elementor-open-lightbox=\"yes\" data-elementor-lightbox-slideshow=\"60e53f1\" data-e-action-hash=\"#elementor-action%3Aaction%3Dlightbox%26settings%3DeyJpZCI6NTAxNiwidXJsIjoiaHR0cHM6XC9cL3d3dy5ybWsuYmVcL3dwLWNvbnRlbnRcL3VwbG9hZHNcLzIwMjRcLzA3XC9CTUNfUm91bGFydGEtMjItc2NhbGVkLmpwZyIsInNsaWRlc2hvdyI6IjYwZTUzZjEifQ%3D%3D\">\n\t\t\t\t\t<div class=\"e-gallery-image elementor-gallery-item__image\" data-thumbnail=\"https:\/\/www.rmk.be\/wp-content\/uploads\/2024\/07\/BMC_Roularta-22-1024x684.jpg\" data-width=\"1024\" data-height=\"684\" aria-label=\"\" role=\"img\" ><\/div>\n\t\t\t\t\t\t\t\t\t\t\t<div class=\"elementor-gallery-item__overlay\"><\/div>\n\t\t\t\t\t\t\t\t\t\t\t\t\t\t<\/a>\n\t\t\t\t\t\t\t<a class=\"e-gallery-item elementor-gallery-item elementor-animated-content\" href=\"https:\/\/www.rmk.be\/wp-content\/uploads\/2024\/07\/BMC_Roularta-32-scaled.jpg\" data-elementor-open-lightbox=\"yes\" data-elementor-lightbox-slideshow=\"60e53f1\" data-e-action-hash=\"#elementor-action%3Aaction%3Dlightbox%26settings%3DeyJpZCI6NTAyNSwidXJsIjoiaHR0cHM6XC9cL3d3dy5ybWsuYmVcL3dwLWNvbnRlbnRcL3VwbG9hZHNcLzIwMjRcLzA3XC9CTUNfUm91bGFydGEtMzItc2NhbGVkLmpwZyIsInNsaWRlc2hvdyI6IjYwZTUzZjEifQ%3D%3D\">\n\t\t\t\t\t<div class=\"e-gallery-image elementor-gallery-item__image\" data-thumbnail=\"https:\/\/www.rmk.be\/wp-content\/uploads\/2024\/07\/BMC_Roularta-32-669x1024.jpg\" data-width=\"669\" data-height=\"1024\" aria-label=\"\" role=\"img\" ><\/div>\n\t\t\t\t\t\t\t\t\t\t\t<div class=\"elementor-gallery-item__overlay\"><\/div>\n\t\t\t\t\t\t\t\t\t\t\t\t\t\t<\/a>\n\t\t\t\t\t\t\t<a class=\"e-gallery-item elementor-gallery-item elementor-animated-content\" href=\"https:\/\/www.rmk.be\/wp-content\/uploads\/2024\/07\/BMC_Roularta-11-scaled.jpg\" data-elementor-open-lightbox=\"yes\" data-elementor-lightbox-slideshow=\"60e53f1\" data-e-action-hash=\"#elementor-action%3Aaction%3Dlightbox%26settings%3DeyJpZCI6NTAwNywidXJsIjoiaHR0cHM6XC9cL3d3dy5ybWsuYmVcL3dwLWNvbnRlbnRcL3VwbG9hZHNcLzIwMjRcLzA3XC9CTUNfUm91bGFydGEtMTEtc2NhbGVkLmpwZyIsInNsaWRlc2hvdyI6IjYwZTUzZjEifQ%3D%3D\">\n\t\t\t\t\t<div class=\"e-gallery-image elementor-gallery-item__image\" data-thumbnail=\"https:\/\/www.rmk.be\/wp-content\/uploads\/2024\/07\/BMC_Roularta-11-1024x684.jpg\" data-width=\"1024\" data-height=\"684\" aria-label=\"\" role=\"img\" ><\/div>\n\t\t\t\t\t\t\t\t\t\t\t<div class=\"elementor-gallery-item__overlay\"><\/div>\n\t\t\t\t\t\t\t\t\t\t\t\t\t\t<\/a>\n\t\t\t\t\t\t\t<a class=\"e-gallery-item elementor-gallery-item elementor-animated-content\" href=\"https:\/\/www.rmk.be\/wp-content\/uploads\/2024\/07\/BMC_Roularta-30-scaled.jpg\" data-elementor-open-lightbox=\"yes\" data-elementor-lightbox-slideshow=\"60e53f1\" data-e-action-hash=\"#elementor-action%3Aaction%3Dlightbox%26settings%3DeyJpZCI6NTAyMiwidXJsIjoiaHR0cHM6XC9cL3d3dy5ybWsuYmVcL3dwLWNvbnRlbnRcL3VwbG9hZHNcLzIwMjRcLzA3XC9CTUNfUm91bGFydGEtMzAtc2NhbGVkLmpwZyIsInNsaWRlc2hvdyI6IjYwZTUzZjEifQ%3D%3D\">\n\t\t\t\t\t<div class=\"e-gallery-image elementor-gallery-item__image\" data-thumbnail=\"https:\/\/www.rmk.be\/wp-content\/uploads\/2024\/07\/BMC_Roularta-30-684x1024.jpg\" data-width=\"684\" data-height=\"1024\" aria-label=\"\" role=\"img\" ><\/div>\n\t\t\t\t\t\t\t\t\t\t\t<div class=\"elementor-gallery-item__overlay\"><\/div>\n\t\t\t\t\t\t\t\t\t\t\t\t\t\t<\/a>\n\t\t\t\t\t<\/div>\n\t\t\t\t\t<\/div>\n\t\t\t\t<\/div>\n\t\t\t\t\t<\/div>\n\t\t<\/div>\n\t\t\t\t\t<\/div>\n\t\t<\/section>\n\t\t\t\t<\/div>\n\t\t","protected":false},"excerpt":{"rendered":"<p>Le grand hall d&rsquo;entr\u00e9e et les salles de r\u00e9union ont fait l&rsquo;objet d&rsquo;un s\u00e9rieux lifting. La r\u00e9ception a \u00e9t\u00e9 d\u00e9plac\u00e9e. Les salles de r\u00e9union ont \u00e9t\u00e9 \u00e9quip\u00e9es de cloisons mobiles entre elles et de parois de couloir vitr\u00e9es. Un plafond acoustique a \u00e9t\u00e9 install\u00e9 dans les salles de r\u00e9union.<\/p>\n","protected":false},"author":4,"featured_media":0,"parent":0,"menu_order":0,"comment_status":"closed","ping_status":"closed","template":"","meta":{"site-sidebar-layout":"no-sidebar","site-content-layout":"page-builder","ast-site-content-layout":"full-width-container","site-content-style":"default","site-sidebar-style":"default","ast-global-header-display":"","ast-banner-title-visibility":"","ast-main-header-display":"","ast-hfb-above-header-display":"","ast-hfb-below-header-display":"","ast-hfb-mobile-header-display":"","site-post-title":"disabled","ast-breadcrumbs-content":"","ast-featured-img":"disabled","footer-sml-layout":"","ast-disable-related-posts":"","theme-transparent-header-meta":"","adv-header-id-meta":"","stick-header-meta":"","header-above-stick-meta":"","header-main-stick-meta":"","header-below-stick-meta":"","astra-migrate-meta-layouts":"default","ast-page-background-enabled":"default","ast-page-background-meta":{"desktop":{"background-color":"","background-image":"","background-repeat":"repeat","background-position":"center center","background-size":"auto","background-attachment":"scroll","background-type":"","background-media":"","overlay-type":"","overlay-color":"","overlay-opacity":"","overlay-gradient":""},"tablet":{"background-color":"","background-image":"","background-repeat":"repeat","background-position":"center center","background-size":"auto","background-attachment":"scroll","background-type":"","background-media":"","overlay-type":"","overlay-color":"","overlay-opacity":"","overlay-gradient":""},"mobile":{"background-color":"","background-image":"","background-repeat":"repeat","background-position":"center center","background-size":"auto","background-attachment":"scroll","background-type":"","background-media":"","overlay-type":"","overlay-color":"","overlay-opacity":"","overlay-gradient":""}},"ast-content-background-meta":{"desktop":{"background-color":"var(--ast-global-color-5)","background-image":"","background-repeat":"repeat","background-position":"center center","background-size":"auto","background-attachment":"scroll","background-type":"","background-media":"","overlay-type":"","overlay-color":"","overlay-opacity":"","overlay-gradient":""},"tablet":{"background-color":"var(--ast-global-color-5)","background-image":"","background-repeat":"repeat","background-position":"center center","background-size":"auto","background-attachment":"scroll","background-type":"","background-media":"","overlay-type":"","overlay-color":"","overlay-opacity":"","overlay-gradient":""},"mobile":{"background-color":"var(--ast-global-color-5)","background-image":"","background-repeat":"repeat","background-position":"center center","background-size":"auto","background-attachment":"scroll","background-type":"","background-media":"","overlay-type":"","overlay-color":"","overlay-opacity":"","overlay-gradient":""}},"footnotes":""},"class_list":["post-5189","page","type-page","status-publish","hentry"],"_links":{"self":[{"href":"https:\/\/www.rmk.be\/fr\/wp-json\/wp\/v2\/pages\/5189","targetHints":{"allow":["GET"]}}],"collection":[{"href":"https:\/\/www.rmk.be\/fr\/wp-json\/wp\/v2\/pages"}],"about":[{"href":"https:\/\/www.rmk.be\/fr\/wp-json\/wp\/v2\/types\/page"}],"author":[{"embeddable":true,"href":"https:\/\/www.rmk.be\/fr\/wp-json\/wp\/v2\/users\/4"}],"replies":[{"embeddable":true,"href":"https:\/\/www.rmk.be\/fr\/wp-json\/wp\/v2\/comments?post=5189"}],"version-history":[{"count":10,"href":"https:\/\/www.rmk.be\/fr\/wp-json\/wp\/v2\/pages\/5189\/revisions"}],"predecessor-version":[{"id":5984,"href":"https:\/\/www.rmk.be\/fr\/wp-json\/wp\/v2\/pages\/5189\/revisions\/5984"}],"wp:attachment":[{"href":"https:\/\/www.rmk.be\/fr\/wp-json\/wp\/v2\/media?parent=5189"}],"curies":[{"name":"wp","href":"https:\/\/api.w.org\/{rel}","templated":true}]}}