{"id":4241,"date":"2022-09-12T12:12:55","date_gmt":"2022-09-12T12:12:55","guid":{"rendered":"https:\/\/www.rmk.be\/maison-de-maitre-avec-une-touche-contemporaine\/"},"modified":"2025-03-17T12:03:46","modified_gmt":"2025-03-17T12:03:46","slug":"maison-de-maitre-avec-une-touche-contemporaine","status":"publish","type":"page","link":"https:\/\/www.rmk.be\/fr\/maison-de-maitre-avec-une-touche-contemporaine\/","title":{"rendered":"Maison de ma\u00eetre avec une touche contemporaine"},"content":{"rendered":"\t\t<div data-elementor-type=\"wp-page\" data-elementor-id=\"4241\" class=\"elementor elementor-4241 elementor-4101\" data-elementor-post-type=\"page\">\n\t\t\t\t\t\t<section class=\"elementor-section elementor-top-section elementor-element elementor-element-8e4ab90 elementor-section-boxed elementor-section-height-default elementor-section-height-default\" data-id=\"8e4ab90\" data-element_type=\"section\" data-e-type=\"section\">\n\t\t\t\t\t\t<div class=\"elementor-container elementor-column-gap-default\">\n\t\t\t\t\t<div class=\"elementor-column elementor-col-100 elementor-top-column elementor-element elementor-element-ccb2c83\" data-id=\"ccb2c83\" data-element_type=\"column\" data-e-type=\"column\">\n\t\t\t<div class=\"elementor-widget-wrap elementor-element-populated\">\n\t\t\t\t\t\t<div class=\"elementor-element elementor-element-d5f3b4c elementor-widget elementor-widget-text-editor\" data-id=\"d5f3b4c\" data-element_type=\"widget\" data-e-type=\"widget\" data-widget_type=\"text-editor.default\">\n\t\t\t\t<div class=\"elementor-widget-container\">\n\t\t\t\t\t\t\t\t\t<p>La grande maison de ma\u00eetre avec de belles pi\u00e8ces a re\u00e7u une nouvelle cuisine : la cuisine a \u00e9t\u00e9 d\u00e9plac\u00e9e pour cr\u00e9er une grande cuisine accueillante. Le placage a \u00e9t\u00e9 utilis\u00e9 horizontalement, afin de faire ressortir le magnifique motif de m\u00e9l\u00e8ze fum\u00e9. Le plancher a \u00e9t\u00e9 ajout\u00e9, mais semble avoir toujours \u00e9t\u00e9 l\u00e0. Les autres pi\u00e8ces ont \u00e9t\u00e9 abord\u00e9es en conservant des \u00e9l\u00e9ments de style et un choix de mat\u00e9riaux modernes pour la salle de bains.<\/p>\n\t\t\t\t\t\t\t\t<\/div>\n\t\t\t\t<\/div>\n\t\t\t\t\t<\/div>\n\t\t<\/div>\n\t\t\t\t\t<\/div>\n\t\t<\/section>\n\t\t\t\t<section class=\"elementor-section elementor-top-section elementor-element elementor-element-6d4f552 elementor-section-boxed elementor-section-height-default elementor-section-height-default\" data-id=\"6d4f552\" data-element_type=\"section\" data-e-type=\"section\">\n\t\t\t\t\t\t<div class=\"elementor-container elementor-column-gap-default\">\n\t\t\t\t\t<div class=\"elementor-column elementor-col-100 elementor-top-column elementor-element elementor-element-0e55c34\" data-id=\"0e55c34\" data-element_type=\"column\" data-e-type=\"column\">\n\t\t\t<div class=\"elementor-widget-wrap elementor-element-populated\">\n\t\t\t\t\t\t<div class=\"elementor-element elementor-element-ddaad85 elementor-widget elementor-widget-gallery\" data-id=\"ddaad85\" data-element_type=\"widget\" data-e-type=\"widget\" data-settings=\"{&quot;gallery_layout&quot;:&quot;justified&quot;,&quot;ideal_row_height&quot;:{&quot;unit&quot;:&quot;px&quot;,&quot;size&quot;:400,&quot;sizes&quot;:[]},&quot;lazyload&quot;:&quot;yes&quot;,&quot;ideal_row_height_tablet&quot;:{&quot;unit&quot;:&quot;px&quot;,&quot;size&quot;:150,&quot;sizes&quot;:[]},&quot;ideal_row_height_mobile&quot;:{&quot;unit&quot;:&quot;px&quot;,&quot;size&quot;:150,&quot;sizes&quot;:[]},&quot;gap&quot;:{&quot;unit&quot;:&quot;px&quot;,&quot;size&quot;:10,&quot;sizes&quot;:[]},&quot;gap_tablet&quot;:{&quot;unit&quot;:&quot;px&quot;,&quot;size&quot;:10,&quot;sizes&quot;:[]},&quot;gap_mobile&quot;:{&quot;unit&quot;:&quot;px&quot;,&quot;size&quot;:10,&quot;sizes&quot;:[]},&quot;link_to&quot;:&quot;file&quot;,&quot;overlay_background&quot;:&quot;yes&quot;,&quot;content_hover_animation&quot;:&quot;fade-in&quot;}\" data-widget_type=\"gallery.default\">\n\t\t\t\t<div class=\"elementor-widget-container\">\n\t\t\t\t\t\t\t<div class=\"elementor-gallery__container\">\n\t\t\t\t\t\t\t<a class=\"e-gallery-item elementor-gallery-item elementor-animated-content\" href=\"https:\/\/www.rmk.be\/wp-content\/uploads\/2022\/09\/RMK-Renoveren-met-kwaliteit-brussels-herenhuis-met-hedendaagse-touch-8.jpg\" data-elementor-open-lightbox=\"yes\" data-elementor-lightbox-slideshow=\"ddaad85\" data-e-action-hash=\"#elementor-action%3Aaction%3Dlightbox%26settings%3DeyJpZCI6NDEyNCwidXJsIjoiaHR0cHM6XC9cL3d3dy5ybWsuYmVcL3dwLWNvbnRlbnRcL3VwbG9hZHNcLzIwMjJcLzA5XC9STUstUmVub3ZlcmVuLW1ldC1rd2FsaXRlaXQtYnJ1c3NlbHMtaGVyZW5odWlzLW1ldC1oZWRlbmRhYWdzZS10b3VjaC04LmpwZyIsInNsaWRlc2hvdyI6ImRkYWFkODUifQ%3D%3D\">\n\t\t\t\t\t<div class=\"e-gallery-image elementor-gallery-item__image\" data-thumbnail=\"https:\/\/www.rmk.be\/wp-content\/uploads\/2022\/09\/RMK-Renoveren-met-kwaliteit-brussels-herenhuis-met-hedendaagse-touch-8-1024x682.jpg\" data-width=\"1024\" data-height=\"682\" aria-label=\"\" role=\"img\" ><\/div>\n\t\t\t\t\t\t\t\t\t\t\t<div class=\"elementor-gallery-item__overlay\"><\/div>\n\t\t\t\t\t\t\t\t\t\t\t\t\t\t<\/a>\n\t\t\t\t\t\t\t<a class=\"e-gallery-item elementor-gallery-item elementor-animated-content\" href=\"https:\/\/www.rmk.be\/wp-content\/uploads\/2022\/09\/RMK-Renoveren-met-kwaliteit-brussels-herenhuis-met-hedendaagse-touch-6.jpg\" data-elementor-open-lightbox=\"yes\" data-elementor-lightbox-slideshow=\"ddaad85\" data-e-action-hash=\"#elementor-action%3Aaction%3Dlightbox%26settings%3DeyJpZCI6NDEyMSwidXJsIjoiaHR0cHM6XC9cL3d3dy5ybWsuYmVcL3dwLWNvbnRlbnRcL3VwbG9hZHNcLzIwMjJcLzA5XC9STUstUmVub3ZlcmVuLW1ldC1rd2FsaXRlaXQtYnJ1c3NlbHMtaGVyZW5odWlzLW1ldC1oZWRlbmRhYWdzZS10b3VjaC02LmpwZyIsInNsaWRlc2hvdyI6ImRkYWFkODUifQ%3D%3D\">\n\t\t\t\t\t<div class=\"e-gallery-image elementor-gallery-item__image\" data-thumbnail=\"https:\/\/www.rmk.be\/wp-content\/uploads\/2022\/09\/RMK-Renoveren-met-kwaliteit-brussels-herenhuis-met-hedendaagse-touch-6-683x1024.jpg\" data-width=\"683\" data-height=\"1024\" aria-label=\"\" role=\"img\" ><\/div>\n\t\t\t\t\t\t\t\t\t\t\t<div class=\"elementor-gallery-item__overlay\"><\/div>\n\t\t\t\t\t\t\t\t\t\t\t\t\t\t<\/a>\n\t\t\t\t\t\t\t<a class=\"e-gallery-item elementor-gallery-item elementor-animated-content\" href=\"https:\/\/www.rmk.be\/wp-content\/uploads\/2022\/09\/RMK-Renoveren-met-kwaliteit-brussels-herenhuis-met-hedendaagse-touch-7.jpg\" data-elementor-open-lightbox=\"yes\" data-elementor-lightbox-slideshow=\"ddaad85\" data-e-action-hash=\"#elementor-action%3Aaction%3Dlightbox%26settings%3DeyJpZCI6NDExOCwidXJsIjoiaHR0cHM6XC9cL3d3dy5ybWsuYmVcL3dwLWNvbnRlbnRcL3VwbG9hZHNcLzIwMjJcLzA5XC9STUstUmVub3ZlcmVuLW1ldC1rd2FsaXRlaXQtYnJ1c3NlbHMtaGVyZW5odWlzLW1ldC1oZWRlbmRhYWdzZS10b3VjaC03LmpwZyIsInNsaWRlc2hvdyI6ImRkYWFkODUifQ%3D%3D\">\n\t\t\t\t\t<div class=\"e-gallery-image elementor-gallery-item__image\" data-thumbnail=\"https:\/\/www.rmk.be\/wp-content\/uploads\/2022\/09\/RMK-Renoveren-met-kwaliteit-brussels-herenhuis-met-hedendaagse-touch-7-1024x767.jpg\" data-width=\"1024\" data-height=\"767\" aria-label=\"RMK - Renoveren met kwaliteit - brussels herenhuis met hedendaagse touch - 7\" role=\"img\" ><\/div>\n\t\t\t\t\t\t\t\t\t\t\t<div class=\"elementor-gallery-item__overlay\"><\/div>\n\t\t\t\t\t\t\t\t\t\t\t\t\t\t<\/a>\n\t\t\t\t\t\t\t<a class=\"e-gallery-item elementor-gallery-item elementor-animated-content\" href=\"https:\/\/www.rmk.be\/wp-content\/uploads\/2022\/09\/RMK-Renoveren-met-kwaliteit-brussels-herenhuis-met-hedendaagse-touch-9.jpg\" data-elementor-open-lightbox=\"yes\" data-elementor-lightbox-slideshow=\"ddaad85\" data-e-action-hash=\"#elementor-action%3Aaction%3Dlightbox%26settings%3DeyJpZCI6NDEyNywidXJsIjoiaHR0cHM6XC9cL3d3dy5ybWsuYmVcL3dwLWNvbnRlbnRcL3VwbG9hZHNcLzIwMjJcLzA5XC9STUstUmVub3ZlcmVuLW1ldC1rd2FsaXRlaXQtYnJ1c3NlbHMtaGVyZW5odWlzLW1ldC1oZWRlbmRhYWdzZS10b3VjaC05LmpwZyIsInNsaWRlc2hvdyI6ImRkYWFkODUifQ%3D%3D\">\n\t\t\t\t\t<div class=\"e-gallery-image elementor-gallery-item__image\" data-thumbnail=\"https:\/\/www.rmk.be\/wp-content\/uploads\/2022\/09\/RMK-Renoveren-met-kwaliteit-brussels-herenhuis-met-hedendaagse-touch-9-1024x682.jpg\" data-width=\"1024\" data-height=\"682\" aria-label=\"RMK - Renoveren met kwaliteit - brussels herenhuis met hedendaagse touch - 9\" role=\"img\" ><\/div>\n\t\t\t\t\t\t\t\t\t\t\t<div class=\"elementor-gallery-item__overlay\"><\/div>\n\t\t\t\t\t\t\t\t\t\t\t\t\t\t<\/a>\n\t\t\t\t\t\t\t<a class=\"e-gallery-item elementor-gallery-item elementor-animated-content\" href=\"https:\/\/www.rmk.be\/wp-content\/uploads\/2022\/09\/RMK-Renoveren-met-kwaliteit-brussels-herenhuis-met-hedendaagse-touch-5.jpg\" data-elementor-open-lightbox=\"yes\" data-elementor-lightbox-slideshow=\"ddaad85\" data-e-action-hash=\"#elementor-action%3Aaction%3Dlightbox%26settings%3DeyJpZCI6NDExNSwidXJsIjoiaHR0cHM6XC9cL3d3dy5ybWsuYmVcL3dwLWNvbnRlbnRcL3VwbG9hZHNcLzIwMjJcLzA5XC9STUstUmVub3ZlcmVuLW1ldC1rd2FsaXRlaXQtYnJ1c3NlbHMtaGVyZW5odWlzLW1ldC1oZWRlbmRhYWdzZS10b3VjaC01LmpwZyIsInNsaWRlc2hvdyI6ImRkYWFkODUifQ%3D%3D\">\n\t\t\t\t\t<div class=\"e-gallery-image elementor-gallery-item__image\" data-thumbnail=\"https:\/\/www.rmk.be\/wp-content\/uploads\/2022\/09\/RMK-Renoveren-met-kwaliteit-brussels-herenhuis-met-hedendaagse-touch-5-1024x682.jpg\" data-width=\"1024\" data-height=\"682\" aria-label=\"\" role=\"img\" ><\/div>\n\t\t\t\t\t\t\t\t\t\t\t<div class=\"elementor-gallery-item__overlay\"><\/div>\n\t\t\t\t\t\t\t\t\t\t\t\t\t\t<\/a>\n\t\t\t\t\t\t\t<a class=\"e-gallery-item elementor-gallery-item elementor-animated-content\" href=\"https:\/\/www.rmk.be\/wp-content\/uploads\/2022\/09\/RMK-Renoveren-met-kwaliteit-brussels-herenhuis-met-hedendaagse-touch-tumbnail.jpg\" data-elementor-open-lightbox=\"yes\" data-elementor-lightbox-slideshow=\"ddaad85\" data-e-action-hash=\"#elementor-action%3Aaction%3Dlightbox%26settings%3DeyJpZCI6NDI2MCwidXJsIjoiaHR0cHM6XC9cL3d3dy5ybWsuYmVcL3dwLWNvbnRlbnRcL3VwbG9hZHNcLzIwMjJcLzA5XC9STUstUmVub3ZlcmVuLW1ldC1rd2FsaXRlaXQtYnJ1c3NlbHMtaGVyZW5odWlzLW1ldC1oZWRlbmRhYWdzZS10b3VjaC10dW1ibmFpbC5qcGciLCJzbGlkZXNob3ciOiJkZGFhZDg1In0%3D\">\n\t\t\t\t\t<div class=\"e-gallery-image elementor-gallery-item__image\" data-thumbnail=\"https:\/\/www.rmk.be\/wp-content\/uploads\/2022\/09\/RMK-Renoveren-met-kwaliteit-brussels-herenhuis-met-hedendaagse-touch-tumbnail.jpg\" data-width=\"1000\" data-height=\"1000\" aria-label=\"RMK - Renoveren met kwaliteit - brussels herenhuis met hedendaagse touch - tumbnail\" role=\"img\" ><\/div>\n\t\t\t\t\t\t\t\t\t\t\t<div class=\"elementor-gallery-item__overlay\"><\/div>\n\t\t\t\t\t\t\t\t\t\t\t\t\t\t<\/a>\n\t\t\t\t\t\t\t<a class=\"e-gallery-item elementor-gallery-item elementor-animated-content\" href=\"https:\/\/www.rmk.be\/wp-content\/uploads\/2022\/09\/RMK-Renoveren-met-kwaliteit-brussels-herenhuis-met-hedendaagse-touch-4.jpg\" data-elementor-open-lightbox=\"yes\" data-elementor-lightbox-slideshow=\"ddaad85\" data-e-action-hash=\"#elementor-action%3Aaction%3Dlightbox%26settings%3DeyJpZCI6NDExMiwidXJsIjoiaHR0cHM6XC9cL3d3dy5ybWsuYmVcL3dwLWNvbnRlbnRcL3VwbG9hZHNcLzIwMjJcLzA5XC9STUstUmVub3ZlcmVuLW1ldC1rd2FsaXRlaXQtYnJ1c3NlbHMtaGVyZW5odWlzLW1ldC1oZWRlbmRhYWdzZS10b3VjaC00LmpwZyIsInNsaWRlc2hvdyI6ImRkYWFkODUifQ%3D%3D\">\n\t\t\t\t\t<div class=\"e-gallery-image elementor-gallery-item__image\" data-thumbnail=\"https:\/\/www.rmk.be\/wp-content\/uploads\/2022\/09\/RMK-Renoveren-met-kwaliteit-brussels-herenhuis-met-hedendaagse-touch-4-683x1024.jpg\" data-width=\"683\" data-height=\"1024\" aria-label=\"\" role=\"img\" ><\/div>\n\t\t\t\t\t\t\t\t\t\t\t<div class=\"elementor-gallery-item__overlay\"><\/div>\n\t\t\t\t\t\t\t\t\t\t\t\t\t\t<\/a>\n\t\t\t\t\t\t\t<a class=\"e-gallery-item elementor-gallery-item elementor-animated-content\" href=\"https:\/\/www.rmk.be\/wp-content\/uploads\/2022\/09\/RMK-Renoveren-met-kwaliteit-brussels-herenhuis-met-hedendaagse-touch-3.jpg\" data-elementor-open-lightbox=\"yes\" data-elementor-lightbox-slideshow=\"ddaad85\" data-e-action-hash=\"#elementor-action%3Aaction%3Dlightbox%26settings%3DeyJpZCI6NDEwOSwidXJsIjoiaHR0cHM6XC9cL3d3dy5ybWsuYmVcL3dwLWNvbnRlbnRcL3VwbG9hZHNcLzIwMjJcLzA5XC9STUstUmVub3ZlcmVuLW1ldC1rd2FsaXRlaXQtYnJ1c3NlbHMtaGVyZW5odWlzLW1ldC1oZWRlbmRhYWdzZS10b3VjaC0zLmpwZyIsInNsaWRlc2hvdyI6ImRkYWFkODUifQ%3D%3D\">\n\t\t\t\t\t<div class=\"e-gallery-image elementor-gallery-item__image\" data-thumbnail=\"https:\/\/www.rmk.be\/wp-content\/uploads\/2022\/09\/RMK-Renoveren-met-kwaliteit-brussels-herenhuis-met-hedendaagse-touch-3-683x1024.jpg\" data-width=\"683\" data-height=\"1024\" aria-label=\"RMK - Renoveren met kwaliteit - brussels herenhuis met hedendaagse touch - 3\" role=\"img\" ><\/div>\n\t\t\t\t\t\t\t\t\t\t\t<div class=\"elementor-gallery-item__overlay\"><\/div>\n\t\t\t\t\t\t\t\t\t\t\t\t\t\t<\/a>\n\t\t\t\t\t\t\t<a class=\"e-gallery-item elementor-gallery-item elementor-animated-content\" href=\"https:\/\/www.rmk.be\/wp-content\/uploads\/2022\/09\/RMK-Renoveren-met-kwaliteit-brussels-herenhuis-met-hedendaagse-touch-2.jpg\" data-elementor-open-lightbox=\"yes\" data-elementor-lightbox-slideshow=\"ddaad85\" data-e-action-hash=\"#elementor-action%3Aaction%3Dlightbox%26settings%3DeyJpZCI6NDEwNiwidXJsIjoiaHR0cHM6XC9cL3d3dy5ybWsuYmVcL3dwLWNvbnRlbnRcL3VwbG9hZHNcLzIwMjJcLzA5XC9STUstUmVub3ZlcmVuLW1ldC1rd2FsaXRlaXQtYnJ1c3NlbHMtaGVyZW5odWlzLW1ldC1oZWRlbmRhYWdzZS10b3VjaC0yLmpwZyIsInNsaWRlc2hvdyI6ImRkYWFkODUifQ%3D%3D\">\n\t\t\t\t\t<div class=\"e-gallery-image elementor-gallery-item__image\" data-thumbnail=\"https:\/\/www.rmk.be\/wp-content\/uploads\/2022\/09\/RMK-Renoveren-met-kwaliteit-brussels-herenhuis-met-hedendaagse-touch-2-682x1024.jpg\" data-width=\"682\" data-height=\"1024\" aria-label=\"\" role=\"img\" ><\/div>\n\t\t\t\t\t\t\t\t\t\t\t<div class=\"elementor-gallery-item__overlay\"><\/div>\n\t\t\t\t\t\t\t\t\t\t\t\t\t\t<\/a>\n\t\t\t\t\t\t\t<a class=\"e-gallery-item elementor-gallery-item elementor-animated-content\" href=\"https:\/\/www.rmk.be\/wp-content\/uploads\/2022\/09\/RMK-Renoveren-met-kwaliteit-brussels-herenhuis-met-hedendaagse-touch-1.jpg\" data-elementor-open-lightbox=\"yes\" data-elementor-lightbox-slideshow=\"ddaad85\" data-e-action-hash=\"#elementor-action%3Aaction%3Dlightbox%26settings%3DeyJpZCI6NDEwMywidXJsIjoiaHR0cHM6XC9cL3d3dy5ybWsuYmVcL3dwLWNvbnRlbnRcL3VwbG9hZHNcLzIwMjJcLzA5XC9STUstUmVub3ZlcmVuLW1ldC1rd2FsaXRlaXQtYnJ1c3NlbHMtaGVyZW5odWlzLW1ldC1oZWRlbmRhYWdzZS10b3VjaC0xLmpwZyIsInNsaWRlc2hvdyI6ImRkYWFkODUifQ%3D%3D\">\n\t\t\t\t\t<div class=\"e-gallery-image elementor-gallery-item__image\" data-thumbnail=\"https:\/\/www.rmk.be\/wp-content\/uploads\/2022\/09\/RMK-Renoveren-met-kwaliteit-brussels-herenhuis-met-hedendaagse-touch-1-1024x538.jpg\" data-width=\"1024\" data-height=\"538\" aria-label=\"RMK - Renoveren met kwaliteit - brussels herenhuis met hedendaagse touch - 1\" role=\"img\" ><\/div>\n\t\t\t\t\t\t\t\t\t\t\t<div class=\"elementor-gallery-item__overlay\"><\/div>\n\t\t\t\t\t\t\t\t\t\t\t\t\t\t<\/a>\n\t\t\t\t\t<\/div>\n\t\t\t\t\t<\/div>\n\t\t\t\t<\/div>\n\t\t\t\t\t<\/div>\n\t\t<\/div>\n\t\t\t\t\t<\/div>\n\t\t<\/section>\n\t\t\t\t<section class=\"elementor-section elementor-top-section elementor-element elementor-element-a8d9930 elementor-section-boxed elementor-section-height-default elementor-section-height-default\" data-id=\"a8d9930\" data-element_type=\"section\" data-e-type=\"section\">\n\t\t\t\t\t\t<div class=\"elementor-container elementor-column-gap-default\">\n\t\t\t\t\t<div class=\"elementor-column elementor-col-100 elementor-top-column elementor-element elementor-element-dcc2337\" data-id=\"dcc2337\" data-element_type=\"column\" data-e-type=\"column\">\n\t\t\t<div class=\"elementor-widget-wrap elementor-element-populated\">\n\t\t\t\t\t\t<div class=\"elementor-element elementor-element-ad98068 elementor-widget elementor-widget-heading\" data-id=\"ad98068\" data-element_type=\"widget\" data-e-type=\"widget\" data-widget_type=\"heading.default\">\n\t\t\t\t<div class=\"elementor-widget-container\">\n\t\t\t\t\t<h1 class=\"elementor-heading-title elementor-size-default\">Notre approche vous int\u00e9resse ?<\/h1>\t\t\t\t<\/div>\n\t\t\t\t<\/div>\n\t\t\t\t<div class=\"elementor-element elementor-element-1336eec elementor-widget elementor-widget-text-editor\" data-id=\"1336eec\" data-element_type=\"widget\" data-e-type=\"widget\" data-widget_type=\"text-editor.default\">\n\t\t\t\t<div class=\"elementor-widget-container\">\n\t\t\t\t\t\t\t\t\t<p>RMK privil\u00e9gie le contact direct avec le client. N\u2019h\u00e9sitez pas \u00e0 nous contacter.<\/p>\n\t\t\t\t\t\t\t\t<\/div>\n\t\t\t\t<\/div>\n\t\t\t\t<div class=\"elementor-element elementor-element-39cf56b elementor-align-center autoWidth elementor-widget elementor-widget-button\" data-id=\"39cf56b\" data-element_type=\"widget\" data-e-type=\"widget\" data-widget_type=\"button.default\">\n\t\t\t\t<div class=\"elementor-widget-container\">\n\t\t\t\t\t\t\t\t\t<div class=\"elementor-button-wrapper\">\n\t\t\t\t\t<a class=\"elementor-button elementor-button-link elementor-size-md\" href=\"https:\/\/www.rmk.be\/fr\/contact\/\">\n\t\t\t\t\t\t<span class=\"elementor-button-content-wrapper\">\n\t\t\t\t\t\t<span class=\"elementor-button-icon\">\n\t\t\t\t\t\t\t\t\t<i class=\"eci rmk_web_ruit-RMK_WEB_ruit\" aria-hidden=\"true\"><\/i>\n\t\t\t\t\t\t\t<\/span>\n\t\t\t\t\t\t\t\t\t<span class=\"elementor-button-text\">Contactez-nous<\/span>\n\t\t\t\t\t<\/span>\n\t\t\t\t\t<\/a>\n\t\t\t\t<\/div>\n\t\t\t\t\t\t\t\t<\/div>\n\t\t\t\t<\/div>\n\t\t\t\t\t<\/div>\n\t\t<\/div>\n\t\t\t\t\t<\/div>\n\t\t<\/section>\n\t\t\t\t<\/div>\n\t\t","protected":false},"excerpt":{"rendered":"<p>La grande maison de ma\u00eetre avec de belles pi\u00e8ces a re\u00e7u une nouvelle cuisine : la cuisine a \u00e9t\u00e9 d\u00e9plac\u00e9e pour cr\u00e9er une grande cuisine accueillante. Le placage a \u00e9t\u00e9 utilis\u00e9 horizontalement, afin de faire ressortir le magnifique motif de m\u00e9l\u00e8ze fum\u00e9. Le plancher a \u00e9t\u00e9 ajout\u00e9, mais semble avoir toujours \u00e9t\u00e9 l\u00e0. Les autres [&hellip;]<\/p>\n","protected":false},"author":1,"featured_media":0,"parent":0,"menu_order":0,"comment_status":"closed","ping_status":"closed","template":"","meta":{"site-sidebar-layout":"no-sidebar","site-content-layout":"page-builder","ast-site-content-layout":"full-width-container","site-content-style":"unboxed","site-sidebar-style":"unboxed","ast-global-header-display":"","ast-banner-title-visibility":"","ast-main-header-display":"","ast-hfb-above-header-display":"","ast-hfb-below-header-display":"","ast-hfb-mobile-header-display":"","site-post-title":"disabled","ast-breadcrumbs-content":"","ast-featured-img":"disabled","footer-sml-layout":"","ast-disable-related-posts":"","theme-transparent-header-meta":"","adv-header-id-meta":"","stick-header-meta":"","header-above-stick-meta":"","header-main-stick-meta":"","header-below-stick-meta":"","astra-migrate-meta-layouts":"default","ast-page-background-enabled":"default","ast-page-background-meta":{"desktop":{"background-color":"","background-image":"","background-repeat":"repeat","background-position":"center center","background-size":"auto","background-attachment":"scroll","background-type":"","background-media":"","overlay-type":"","overlay-color":"","overlay-opacity":"","overlay-gradient":""},"tablet":{"background-color":"","background-image":"","background-repeat":"repeat","background-position":"center center","background-size":"auto","background-attachment":"scroll","background-type":"","background-media":"","overlay-type":"","overlay-color":"","overlay-opacity":"","overlay-gradient":""},"mobile":{"background-color":"","background-image":"","background-repeat":"repeat","background-position":"center center","background-size":"auto","background-attachment":"scroll","background-type":"","background-media":"","overlay-type":"","overlay-color":"","overlay-opacity":"","overlay-gradient":""}},"ast-content-background-meta":{"desktop":{"background-color":"var(--ast-global-color-5)","background-image":"","background-repeat":"repeat","background-position":"center center","background-size":"auto","background-attachment":"scroll","background-type":"","background-media":"","overlay-type":"","overlay-color":"","overlay-opacity":"","overlay-gradient":""},"tablet":{"background-color":"var(--ast-global-color-5)","background-image":"","background-repeat":"repeat","background-position":"center center","background-size":"auto","background-attachment":"scroll","background-type":"","background-media":"","overlay-type":"","overlay-color":"","overlay-opacity":"","overlay-gradient":""},"mobile":{"background-color":"var(--ast-global-color-5)","background-image":"","background-repeat":"repeat","background-position":"center center","background-size":"auto","background-attachment":"scroll","background-type":"","background-media":"","overlay-type":"","overlay-color":"","overlay-opacity":"","overlay-gradient":""}},"footnotes":""},"class_list":["post-4241","page","type-page","status-publish","hentry"],"_links":{"self":[{"href":"https:\/\/www.rmk.be\/fr\/wp-json\/wp\/v2\/pages\/4241","targetHints":{"allow":["GET"]}}],"collection":[{"href":"https:\/\/www.rmk.be\/fr\/wp-json\/wp\/v2\/pages"}],"about":[{"href":"https:\/\/www.rmk.be\/fr\/wp-json\/wp\/v2\/types\/page"}],"author":[{"embeddable":true,"href":"https:\/\/www.rmk.be\/fr\/wp-json\/wp\/v2\/users\/1"}],"replies":[{"embeddable":true,"href":"https:\/\/www.rmk.be\/fr\/wp-json\/wp\/v2\/comments?post=4241"}],"version-history":[{"count":5,"href":"https:\/\/www.rmk.be\/fr\/wp-json\/wp\/v2\/pages\/4241\/revisions"}],"predecessor-version":[{"id":5921,"href":"https:\/\/www.rmk.be\/fr\/wp-json\/wp\/v2\/pages\/4241\/revisions\/5921"}],"wp:attachment":[{"href":"https:\/\/www.rmk.be\/fr\/wp-json\/wp\/v2\/media?parent=4241"}],"curies":[{"name":"wp","href":"https:\/\/api.w.org\/{rel}","templated":true}]}}