{"id":4239,"date":"2022-09-12T12:12:01","date_gmt":"2022-09-12T12:12:01","guid":{"rendered":"https:\/\/www.rmk.be\/pool-house-multifonctionnel\/"},"modified":"2025-03-17T12:35:53","modified_gmt":"2025-03-17T12:35:53","slug":"pool-house-multifonctionnel","status":"publish","type":"page","link":"https:\/\/www.rmk.be\/fr\/pool-house-multifonctionnel\/","title":{"rendered":"Pool house multifonctionnel"},"content":{"rendered":"\t\t<div data-elementor-type=\"wp-page\" data-elementor-id=\"4239\" class=\"elementor elementor-4239 elementor-4159\" data-elementor-post-type=\"page\">\n\t\t\t\t\t\t<section class=\"elementor-section elementor-top-section elementor-element elementor-element-785416c elementor-section-boxed elementor-section-height-default elementor-section-height-default\" data-id=\"785416c\" data-element_type=\"section\" data-e-type=\"section\">\n\t\t\t\t\t\t<div class=\"elementor-container elementor-column-gap-default\">\n\t\t\t\t\t<div class=\"elementor-column elementor-col-100 elementor-top-column elementor-element elementor-element-a59c524\" data-id=\"a59c524\" data-element_type=\"column\" data-e-type=\"column\">\n\t\t\t<div class=\"elementor-widget-wrap elementor-element-populated\">\n\t\t\t\t\t\t<div class=\"elementor-element elementor-element-b24b64e elementor-widget elementor-widget-text-editor\" data-id=\"b24b64e\" data-element_type=\"widget\" data-e-type=\"widget\" data-widget_type=\"text-editor.default\">\n\t\t\t\t<div class=\"elementor-widget-container\">\n\t\t\t\t\t\t\t\t\t<p>Cette d\u00e9pendance de 40m2 est multifonctionnelle : elle sert de pool house pour recevoir des amis, de chambre d&rsquo;amis avec salle de bain et kitchenette, et de bureau o\u00f9 l&rsquo;on peut travailler tranquillement. En termes de mat\u00e9riaux, il s&rsquo;int\u00e8gre parfaitement \u00e0 la maison r\u00e9cemment construite<\/p>\n\t\t\t\t\t\t\t\t<\/div>\n\t\t\t\t<\/div>\n\t\t\t\t\t<\/div>\n\t\t<\/div>\n\t\t\t\t\t<\/div>\n\t\t<\/section>\n\t\t\t\t<section class=\"elementor-section elementor-top-section elementor-element elementor-element-323d3cd elementor-section-boxed elementor-section-height-default elementor-section-height-default\" data-id=\"323d3cd\" data-element_type=\"section\" data-e-type=\"section\">\n\t\t\t\t\t\t<div class=\"elementor-container elementor-column-gap-default\">\n\t\t\t\t\t<div class=\"elementor-column elementor-col-100 elementor-top-column elementor-element elementor-element-e7de565\" data-id=\"e7de565\" data-element_type=\"column\" data-e-type=\"column\">\n\t\t\t<div class=\"elementor-widget-wrap elementor-element-populated\">\n\t\t\t\t\t\t<div class=\"elementor-element elementor-element-6a98988 elementor-widget elementor-widget-gallery\" data-id=\"6a98988\" data-element_type=\"widget\" data-e-type=\"widget\" data-settings=\"{&quot;gallery_layout&quot;:&quot;justified&quot;,&quot;ideal_row_height&quot;:{&quot;unit&quot;:&quot;px&quot;,&quot;size&quot;:400,&quot;sizes&quot;:[]},&quot;lazyload&quot;:&quot;yes&quot;,&quot;ideal_row_height_tablet&quot;:{&quot;unit&quot;:&quot;px&quot;,&quot;size&quot;:150,&quot;sizes&quot;:[]},&quot;ideal_row_height_mobile&quot;:{&quot;unit&quot;:&quot;px&quot;,&quot;size&quot;:150,&quot;sizes&quot;:[]},&quot;gap&quot;:{&quot;unit&quot;:&quot;px&quot;,&quot;size&quot;:10,&quot;sizes&quot;:[]},&quot;gap_tablet&quot;:{&quot;unit&quot;:&quot;px&quot;,&quot;size&quot;:10,&quot;sizes&quot;:[]},&quot;gap_mobile&quot;:{&quot;unit&quot;:&quot;px&quot;,&quot;size&quot;:10,&quot;sizes&quot;:[]},&quot;link_to&quot;:&quot;file&quot;,&quot;overlay_background&quot;:&quot;yes&quot;,&quot;content_hover_animation&quot;:&quot;fade-in&quot;}\" data-widget_type=\"gallery.default\">\n\t\t\t\t<div class=\"elementor-widget-container\">\n\t\t\t\t\t\t\t<div class=\"elementor-gallery__container\">\n\t\t\t\t\t\t\t<a class=\"e-gallery-item elementor-gallery-item elementor-animated-content\" href=\"https:\/\/www.rmk.be\/wp-content\/uploads\/2023\/03\/RMK-renoveren-met-kwaliteit-poolhouse-met-meerdere-gezichten-1.jpg\" data-elementor-open-lightbox=\"yes\" data-elementor-lightbox-slideshow=\"6a98988\" data-e-action-hash=\"#elementor-action%3Aaction%3Dlightbox%26settings%3DeyJpZCI6NDMwNiwidXJsIjoiaHR0cHM6XC9cL3d3dy5ybWsuYmVcL3dwLWNvbnRlbnRcL3VwbG9hZHNcLzIwMjNcLzAzXC9STUstcmVub3ZlcmVuLW1ldC1rd2FsaXRlaXQtcG9vbGhvdXNlLW1ldC1tZWVyZGVyZS1nZXppY2h0ZW4tMS5qcGciLCJzbGlkZXNob3ciOiI2YTk4OTg4In0%3D\">\n\t\t\t\t\t<div class=\"e-gallery-image elementor-gallery-item__image\" data-thumbnail=\"https:\/\/www.rmk.be\/wp-content\/uploads\/2023\/03\/RMK-renoveren-met-kwaliteit-poolhouse-met-meerdere-gezichten-1-1024x538.jpg\" data-width=\"1024\" data-height=\"538\" aria-label=\"RMK - renoveren met kwaliteit - poolhouse met meerdere gezichten - 1\" role=\"img\" ><\/div>\n\t\t\t\t\t\t\t\t\t\t\t<div class=\"elementor-gallery-item__overlay\"><\/div>\n\t\t\t\t\t\t\t\t\t\t\t\t\t\t<\/a>\n\t\t\t\t\t\t\t<a class=\"e-gallery-item elementor-gallery-item elementor-animated-content\" href=\"https:\/\/www.rmk.be\/wp-content\/uploads\/2022\/09\/RMK-renoveren-met-kwaliteit-poolhouse-met-meerdere-gezichten-7.jpg\" data-elementor-open-lightbox=\"yes\" data-elementor-lightbox-slideshow=\"6a98988\" data-e-action-hash=\"#elementor-action%3Aaction%3Dlightbox%26settings%3DeyJpZCI6NDE3OSwidXJsIjoiaHR0cHM6XC9cL3d3dy5ybWsuYmVcL3dwLWNvbnRlbnRcL3VwbG9hZHNcLzIwMjJcLzA5XC9STUstcmVub3ZlcmVuLW1ldC1rd2FsaXRlaXQtcG9vbGhvdXNlLW1ldC1tZWVyZGVyZS1nZXppY2h0ZW4tNy5qcGciLCJzbGlkZXNob3ciOiI2YTk4OTg4In0%3D\">\n\t\t\t\t\t<div class=\"e-gallery-image elementor-gallery-item__image\" data-thumbnail=\"https:\/\/www.rmk.be\/wp-content\/uploads\/2022\/09\/RMK-renoveren-met-kwaliteit-poolhouse-met-meerdere-gezichten-7-1024x767.jpg\" data-width=\"1024\" data-height=\"767\" aria-label=\"RMK - renoveren met kwaliteit - poolhouse met meerdere gezichten - 7\" role=\"img\" ><\/div>\n\t\t\t\t\t\t\t\t\t\t\t<div class=\"elementor-gallery-item__overlay\"><\/div>\n\t\t\t\t\t\t\t\t\t\t\t\t\t\t<\/a>\n\t\t\t\t\t\t\t<a class=\"e-gallery-item elementor-gallery-item elementor-animated-content\" href=\"https:\/\/www.rmk.be\/wp-content\/uploads\/2022\/09\/RMK-renoveren-met-kwaliteit-poolhouse-met-meerdere-gezichten-2.jpg\" data-elementor-open-lightbox=\"yes\" data-elementor-lightbox-slideshow=\"6a98988\" data-e-action-hash=\"#elementor-action%3Aaction%3Dlightbox%26settings%3DeyJpZCI6NDE2NCwidXJsIjoiaHR0cHM6XC9cL3d3dy5ybWsuYmVcL3dwLWNvbnRlbnRcL3VwbG9hZHNcLzIwMjJcLzA5XC9STUstcmVub3ZlcmVuLW1ldC1rd2FsaXRlaXQtcG9vbGhvdXNlLW1ldC1tZWVyZGVyZS1nZXppY2h0ZW4tMi5qcGciLCJzbGlkZXNob3ciOiI2YTk4OTg4In0%3D\">\n\t\t\t\t\t<div class=\"e-gallery-image elementor-gallery-item__image\" data-thumbnail=\"https:\/\/www.rmk.be\/wp-content\/uploads\/2022\/09\/RMK-renoveren-met-kwaliteit-poolhouse-met-meerdere-gezichten-2-1024x682.jpg\" data-width=\"1024\" data-height=\"682\" aria-label=\"RMK - renoveren met kwaliteit - poolhouse met meerdere gezichten - 2\" role=\"img\" ><\/div>\n\t\t\t\t\t\t\t\t\t\t\t<div class=\"elementor-gallery-item__overlay\"><\/div>\n\t\t\t\t\t\t\t\t\t\t\t\t\t\t<\/a>\n\t\t\t\t\t\t\t<a class=\"e-gallery-item elementor-gallery-item elementor-animated-content\" href=\"https:\/\/www.rmk.be\/wp-content\/uploads\/2022\/09\/RMK-renoveren-met-kwaliteit-poolhouse-met-meerdere-gezichten-5.jpg\" data-elementor-open-lightbox=\"yes\" data-elementor-lightbox-slideshow=\"6a98988\" data-e-action-hash=\"#elementor-action%3Aaction%3Dlightbox%26settings%3DeyJpZCI6NDE3MCwidXJsIjoiaHR0cHM6XC9cL3d3dy5ybWsuYmVcL3dwLWNvbnRlbnRcL3VwbG9hZHNcLzIwMjJcLzA5XC9STUstcmVub3ZlcmVuLW1ldC1rd2FsaXRlaXQtcG9vbGhvdXNlLW1ldC1tZWVyZGVyZS1nZXppY2h0ZW4tNS5qcGciLCJzbGlkZXNob3ciOiI2YTk4OTg4In0%3D\">\n\t\t\t\t\t<div class=\"e-gallery-image elementor-gallery-item__image\" data-thumbnail=\"https:\/\/www.rmk.be\/wp-content\/uploads\/2022\/09\/RMK-renoveren-met-kwaliteit-poolhouse-met-meerdere-gezichten-5-1024x767.jpg\" data-width=\"1024\" data-height=\"767\" aria-label=\"RMK - renoveren met kwaliteit - poolhouse met meerdere gezichten - 5\" role=\"img\" ><\/div>\n\t\t\t\t\t\t\t\t\t\t\t<div class=\"elementor-gallery-item__overlay\"><\/div>\n\t\t\t\t\t\t\t\t\t\t\t\t\t\t<\/a>\n\t\t\t\t\t\t\t<a class=\"e-gallery-item elementor-gallery-item elementor-animated-content\" href=\"https:\/\/www.rmk.be\/wp-content\/uploads\/2022\/09\/RMK-renoveren-met-kwaliteit-poolhouse-met-meerdere-gezichten-tumbnail.jpg\" data-elementor-open-lightbox=\"yes\" data-elementor-lightbox-slideshow=\"6a98988\" data-e-action-hash=\"#elementor-action%3Aaction%3Dlightbox%26settings%3DeyJpZCI6NDI3MywidXJsIjoiaHR0cHM6XC9cL3d3dy5ybWsuYmVcL3dwLWNvbnRlbnRcL3VwbG9hZHNcLzIwMjJcLzA5XC9STUstcmVub3ZlcmVuLW1ldC1rd2FsaXRlaXQtcG9vbGhvdXNlLW1ldC1tZWVyZGVyZS1nZXppY2h0ZW4tdHVtYm5haWwuanBnIiwic2xpZGVzaG93IjoiNmE5ODk4OCJ9\">\n\t\t\t\t\t<div class=\"e-gallery-image elementor-gallery-item__image\" data-thumbnail=\"https:\/\/www.rmk.be\/wp-content\/uploads\/2022\/09\/RMK-renoveren-met-kwaliteit-poolhouse-met-meerdere-gezichten-tumbnail-1024x1024.jpg\" data-width=\"1024\" data-height=\"1024\" aria-label=\"RMK - renoveren met kwaliteit - poolhouse met meerdere gezichten - tumbnail\" role=\"img\" ><\/div>\n\t\t\t\t\t\t\t\t\t\t\t<div class=\"elementor-gallery-item__overlay\"><\/div>\n\t\t\t\t\t\t\t\t\t\t\t\t\t\t<\/a>\n\t\t\t\t\t\t\t<a class=\"e-gallery-item elementor-gallery-item elementor-animated-content\" href=\"https:\/\/www.rmk.be\/wp-content\/uploads\/2022\/09\/RMK-renoveren-met-kwaliteit-poolhouse-met-meerdere-gezichten-8.jpg\" data-elementor-open-lightbox=\"yes\" data-elementor-lightbox-slideshow=\"6a98988\" data-e-action-hash=\"#elementor-action%3Aaction%3Dlightbox%26settings%3DeyJpZCI6NDE4MiwidXJsIjoiaHR0cHM6XC9cL3d3dy5ybWsuYmVcL3dwLWNvbnRlbnRcL3VwbG9hZHNcLzIwMjJcLzA5XC9STUstcmVub3ZlcmVuLW1ldC1rd2FsaXRlaXQtcG9vbGhvdXNlLW1ldC1tZWVyZGVyZS1nZXppY2h0ZW4tOC5qcGciLCJzbGlkZXNob3ciOiI2YTk4OTg4In0%3D\">\n\t\t\t\t\t<div class=\"e-gallery-image elementor-gallery-item__image\" data-thumbnail=\"https:\/\/www.rmk.be\/wp-content\/uploads\/2022\/09\/RMK-renoveren-met-kwaliteit-poolhouse-met-meerdere-gezichten-8-1024x682.jpg\" data-width=\"1024\" data-height=\"682\" aria-label=\"RMK - renoveren met kwaliteit - poolhouse met meerdere gezichten - 8\" role=\"img\" ><\/div>\n\t\t\t\t\t\t\t\t\t\t\t<div class=\"elementor-gallery-item__overlay\"><\/div>\n\t\t\t\t\t\t\t\t\t\t\t\t\t\t<\/a>\n\t\t\t\t\t\t\t<a class=\"e-gallery-item elementor-gallery-item elementor-animated-content\" href=\"https:\/\/www.rmk.be\/wp-content\/uploads\/2022\/09\/RMK-renoveren-met-kwaliteit-poolhouse-met-meerdere-gezichten-3.jpg\" data-elementor-open-lightbox=\"yes\" data-elementor-lightbox-slideshow=\"6a98988\" data-e-action-hash=\"#elementor-action%3Aaction%3Dlightbox%26settings%3DeyJpZCI6NDE2NywidXJsIjoiaHR0cHM6XC9cL3d3dy5ybWsuYmVcL3dwLWNvbnRlbnRcL3VwbG9hZHNcLzIwMjJcLzA5XC9STUstcmVub3ZlcmVuLW1ldC1rd2FsaXRlaXQtcG9vbGhvdXNlLW1ldC1tZWVyZGVyZS1nZXppY2h0ZW4tMy5qcGciLCJzbGlkZXNob3ciOiI2YTk4OTg4In0%3D\">\n\t\t\t\t\t<div class=\"e-gallery-image elementor-gallery-item__image\" data-thumbnail=\"https:\/\/www.rmk.be\/wp-content\/uploads\/2022\/09\/RMK-renoveren-met-kwaliteit-poolhouse-met-meerdere-gezichten-3-1024x683.jpg\" data-width=\"1024\" data-height=\"683\" aria-label=\"\" role=\"img\" ><\/div>\n\t\t\t\t\t\t\t\t\t\t\t<div class=\"elementor-gallery-item__overlay\"><\/div>\n\t\t\t\t\t\t\t\t\t\t\t\t\t\t<\/a>\n\t\t\t\t\t<\/div>\n\t\t\t\t\t<\/div>\n\t\t\t\t<\/div>\n\t\t\t\t\t<\/div>\n\t\t<\/div>\n\t\t\t\t\t<\/div>\n\t\t<\/section>\n\t\t\t\t<section class=\"elementor-section elementor-top-section elementor-element elementor-element-a660326 elementor-section-boxed elementor-section-height-default elementor-section-height-default\" data-id=\"a660326\" data-element_type=\"section\" data-e-type=\"section\">\n\t\t\t\t\t\t<div class=\"elementor-container elementor-column-gap-default\">\n\t\t\t\t\t<div class=\"elementor-column elementor-col-100 elementor-top-column elementor-element elementor-element-18a4452\" data-id=\"18a4452\" data-element_type=\"column\" data-e-type=\"column\">\n\t\t\t<div class=\"elementor-widget-wrap elementor-element-populated\">\n\t\t\t\t\t\t<div class=\"elementor-element elementor-element-1d2fe95 elementor-widget elementor-widget-heading\" data-id=\"1d2fe95\" data-element_type=\"widget\" data-e-type=\"widget\" data-widget_type=\"heading.default\">\n\t\t\t\t<div class=\"elementor-widget-container\">\n\t\t\t\t\t<h1 class=\"elementor-heading-title elementor-size-default\">Notre approche vous int\u00e9resse ?<\/h1>\t\t\t\t<\/div>\n\t\t\t\t<\/div>\n\t\t\t\t<div class=\"elementor-element elementor-element-b8cc9ff elementor-widget elementor-widget-text-editor\" data-id=\"b8cc9ff\" data-element_type=\"widget\" data-e-type=\"widget\" data-widget_type=\"text-editor.default\">\n\t\t\t\t<div class=\"elementor-widget-container\">\n\t\t\t\t\t\t\t\t\t<p>RMK privil\u00e9gie le contact direct avec le client. N\u2019h\u00e9sitez pas \u00e0 nous contacter.<\/p>\n\t\t\t\t\t\t\t\t<\/div>\n\t\t\t\t<\/div>\n\t\t\t\t<div class=\"elementor-element elementor-element-6d36cfa elementor-align-center autoWidth elementor-widget elementor-widget-button\" data-id=\"6d36cfa\" data-element_type=\"widget\" data-e-type=\"widget\" data-widget_type=\"button.default\">\n\t\t\t\t<div class=\"elementor-widget-container\">\n\t\t\t\t\t\t\t\t\t<div class=\"elementor-button-wrapper\">\n\t\t\t\t\t<a class=\"elementor-button elementor-button-link elementor-size-md\" href=\"https:\/\/www.rmk.be\/fr\/contact\/\">\n\t\t\t\t\t\t<span class=\"elementor-button-content-wrapper\">\n\t\t\t\t\t\t<span class=\"elementor-button-icon\">\n\t\t\t\t\t\t\t\t\t<i class=\"eci rmk_web_ruit-RMK_WEB_ruit\" aria-hidden=\"true\"><\/i>\n\t\t\t\t\t\t\t<\/span>\n\t\t\t\t\t\t\t\t\t<span class=\"elementor-button-text\">Contactez-nous<\/span>\n\t\t\t\t\t<\/span>\n\t\t\t\t\t<\/a>\n\t\t\t\t<\/div>\n\t\t\t\t\t\t\t\t<\/div>\n\t\t\t\t<\/div>\n\t\t\t\t\t<\/div>\n\t\t<\/div>\n\t\t\t\t\t<\/div>\n\t\t<\/section>\n\t\t\t\t<\/div>\n\t\t","protected":false},"excerpt":{"rendered":"<p>Cette d\u00e9pendance de 40m2 est multifonctionnelle : elle sert de pool house pour recevoir des amis, de chambre d&rsquo;amis avec salle de bain et kitchenette, et de bureau o\u00f9 l&rsquo;on peut travailler tranquillement. En termes de mat\u00e9riaux, il s&rsquo;int\u00e8gre parfaitement \u00e0 la maison r\u00e9cemment construite Notre approche vous int\u00e9resse ? RMK privil\u00e9gie le contact direct [&hellip;]<\/p>\n","protected":false},"author":1,"featured_media":0,"parent":0,"menu_order":0,"comment_status":"closed","ping_status":"closed","template":"","meta":{"site-sidebar-layout":"no-sidebar","site-content-layout":"page-builder","ast-site-content-layout":"default","site-content-style":"default","site-sidebar-style":"default","ast-global-header-display":"","ast-banner-title-visibility":"","ast-main-header-display":"","ast-hfb-above-header-display":"","ast-hfb-below-header-display":"","ast-hfb-mobile-header-display":"","site-post-title":"disabled","ast-breadcrumbs-content":"","ast-featured-img":"disabled","footer-sml-layout":"","theme-transparent-header-meta":"","adv-header-id-meta":"","stick-header-meta":"","header-above-stick-meta":"","header-main-stick-meta":"","header-below-stick-meta":"","astra-migrate-meta-layouts":"default","ast-page-background-enabled":"default","ast-page-background-meta":{"desktop":{"background-color":"","background-image":"","background-repeat":"repeat","background-position":"center center","background-size":"auto","background-attachment":"scroll","background-type":"","background-media":"","overlay-type":"","overlay-color":"","overlay-opacity":"","overlay-gradient":""},"tablet":{"background-color":"","background-image":"","background-repeat":"repeat","background-position":"center center","background-size":"auto","background-attachment":"scroll","background-type":"","background-media":"","overlay-type":"","overlay-color":"","overlay-opacity":"","overlay-gradient":""},"mobile":{"background-color":"","background-image":"","background-repeat":"repeat","background-position":"center center","background-size":"auto","background-attachment":"scroll","background-type":"","background-media":"","overlay-type":"","overlay-color":"","overlay-opacity":"","overlay-gradient":""}},"ast-content-background-meta":{"desktop":{"background-color":"var(--ast-global-color-5)","background-image":"","background-repeat":"repeat","background-position":"center center","background-size":"auto","background-attachment":"scroll","background-type":"","background-media":"","overlay-type":"","overlay-color":"","overlay-opacity":"","overlay-gradient":""},"tablet":{"background-color":"var(--ast-global-color-5)","background-image":"","background-repeat":"repeat","background-position":"center center","background-size":"auto","background-attachment":"scroll","background-type":"","background-media":"","overlay-type":"","overlay-color":"","overlay-opacity":"","overlay-gradient":""},"mobile":{"background-color":"var(--ast-global-color-5)","background-image":"","background-repeat":"repeat","background-position":"center center","background-size":"auto","background-attachment":"scroll","background-type":"","background-media":"","overlay-type":"","overlay-color":"","overlay-opacity":"","overlay-gradient":""}},"footnotes":""},"class_list":["post-4239","page","type-page","status-publish","hentry"],"_links":{"self":[{"href":"https:\/\/www.rmk.be\/fr\/wp-json\/wp\/v2\/pages\/4239","targetHints":{"allow":["GET"]}}],"collection":[{"href":"https:\/\/www.rmk.be\/fr\/wp-json\/wp\/v2\/pages"}],"about":[{"href":"https:\/\/www.rmk.be\/fr\/wp-json\/wp\/v2\/types\/page"}],"author":[{"embeddable":true,"href":"https:\/\/www.rmk.be\/fr\/wp-json\/wp\/v2\/users\/1"}],"replies":[{"embeddable":true,"href":"https:\/\/www.rmk.be\/fr\/wp-json\/wp\/v2\/comments?post=4239"}],"version-history":[{"count":3,"href":"https:\/\/www.rmk.be\/fr\/wp-json\/wp\/v2\/pages\/4239\/revisions"}],"predecessor-version":[{"id":5988,"href":"https:\/\/www.rmk.be\/fr\/wp-json\/wp\/v2\/pages\/4239\/revisions\/5988"}],"wp:attachment":[{"href":"https:\/\/www.rmk.be\/fr\/wp-json\/wp\/v2\/media?parent=4239"}],"curies":[{"name":"wp","href":"https:\/\/api.w.org\/{rel}","templated":true}]}}