{"id":3424,"date":"2021-04-06T10:23:06","date_gmt":"2021-04-06T10:23:06","guid":{"rendered":"https:\/\/www.rmk.be\/?page_id=3424"},"modified":"2024-04-23T08:20:36","modified_gmt":"2024-04-23T08:20:36","slug":"vacatures","status":"publish","type":"page","link":"https:\/\/www.rmk.be\/fr\/vacatures\/","title":{"rendered":"Offre d&#8217;emploi"},"content":{"rendered":"<h1>We&rsquo;re hiring<\/h1>\n<p>Chez nous, vous rejoignez une entreprise de taille moyenne \u00e0 l&rsquo;atmosph\u00e8re familiale, o\u00f9 chacun d&rsquo;entre nous est essentiel. Nous attachons une grande importance aux contacts personnels et \u00e0 une communication ouverte en interne, et nous offrons des possibilit\u00e9s de d\u00e9veloppement au sein de l&rsquo;entreprise.<\/p>\n<h1>Chef de projet<\/h1>\n<p>Dipl\u00f4me d&rsquo;ing\u00e9nieur civil ou industriel ou exp\u00e9rience \u00e9quivalente.<\/p>\n<p>\t\t\t<a href=\"mailto:catherine@rmk.be\"><br \/>\n\t\t\t\t\t\t\t\t\tContactez-nous<br \/>\n\t\t\t\t\t<\/a><br \/>\n\t\t\t\t\t\t\t\t\t\t<img width=\"64\" height=\"64\" src=\"https:\/\/www.rmk.be\/wp-content\/uploads\/2018\/10\/RMK_WEB_GRAPHICS_hoek-groot-4.png\" alt=\"\" decoding=\"async\" \/>\t\t\t\t\t\t\t\t\t\t\t<\/p>\n<p><a href=\"https:\/\/www.instagram.com\/rmk_projects\/\">Suivez-nous sur instagram<\/a><\/p>\n","protected":false},"excerpt":{"rendered":"<p>We&rsquo;re hiring Chez nous, vous rejoignez une entreprise de taille moyenne \u00e0 l&rsquo;atmosph\u00e8re familiale, o\u00f9 chacun d&rsquo;entre nous est essentiel. Nous attachons une grande importance aux contacts personnels et \u00e0 une communication ouverte en interne, et nous offrons des possibilit\u00e9s de d\u00e9veloppement au sein de l&rsquo;entreprise. Chef de projet Dipl\u00f4me d&rsquo;ing\u00e9nieur civil ou industriel ou [&hellip;]<\/p>\n","protected":false},"author":1,"featured_media":0,"parent":0,"menu_order":0,"comment_status":"closed","ping_status":"closed","template":"","meta":{"site-sidebar-layout":"no-sidebar","site-content-layout":"page-builder","ast-site-content-layout":"full-width-container","site-content-style":"unboxed","site-sidebar-style":"unboxed","ast-global-header-display":"","ast-banner-title-visibility":"","ast-main-header-display":"","ast-hfb-above-header-display":"","ast-hfb-below-header-display":"","ast-hfb-mobile-header-display":"","site-post-title":"disabled","ast-breadcrumbs-content":"","ast-featured-img":"disabled","footer-sml-layout":"","ast-disable-related-posts":"","theme-transparent-header-meta":"default","adv-header-id-meta":"","stick-header-meta":"","header-above-stick-meta":"","header-main-stick-meta":"","header-below-stick-meta":"","astra-migrate-meta-layouts":"default","ast-page-background-enabled":"default","ast-page-background-meta":{"desktop":{"background-color":"","background-image":"","background-repeat":"repeat","background-position":"center center","background-size":"auto","background-attachment":"scroll","background-type":"","background-media":"","overlay-type":"","overlay-color":"","overlay-opacity":"","overlay-gradient":""},"tablet":{"background-color":"","background-image":"","background-repeat":"repeat","background-position":"center center","background-size":"auto","background-attachment":"scroll","background-type":"","background-media":"","overlay-type":"","overlay-color":"","overlay-opacity":"","overlay-gradient":""},"mobile":{"background-color":"","background-image":"","background-repeat":"repeat","background-position":"center center","background-size":"auto","background-attachment":"scroll","background-type":"","background-media":"","overlay-type":"","overlay-color":"","overlay-opacity":"","overlay-gradient":""}},"ast-content-background-meta":{"desktop":{"background-color":"var(--ast-global-color-5)","background-image":"","background-repeat":"repeat","background-position":"center center","background-size":"auto","background-attachment":"scroll","background-type":"","background-media":"","overlay-type":"","overlay-color":"","overlay-opacity":"","overlay-gradient":""},"tablet":{"background-color":"var(--ast-global-color-5)","background-image":"","background-repeat":"repeat","background-position":"center center","background-size":"auto","background-attachment":"scroll","background-type":"","background-media":"","overlay-type":"","overlay-color":"","overlay-opacity":"","overlay-gradient":""},"mobile":{"background-color":"var(--ast-global-color-5)","background-image":"","background-repeat":"repeat","background-position":"center center","background-size":"auto","background-attachment":"scroll","background-type":"","background-media":"","overlay-type":"","overlay-color":"","overlay-opacity":"","overlay-gradient":""}},"footnotes":""},"class_list":["post-3424","page","type-page","status-publish","hentry"],"_links":{"self":[{"href":"https:\/\/www.rmk.be\/fr\/wp-json\/wp\/v2\/pages\/3424","targetHints":{"allow":["GET"]}}],"collection":[{"href":"https:\/\/www.rmk.be\/fr\/wp-json\/wp\/v2\/pages"}],"about":[{"href":"https:\/\/www.rmk.be\/fr\/wp-json\/wp\/v2\/types\/page"}],"author":[{"embeddable":true,"href":"https:\/\/www.rmk.be\/fr\/wp-json\/wp\/v2\/users\/1"}],"replies":[{"embeddable":true,"href":"https:\/\/www.rmk.be\/fr\/wp-json\/wp\/v2\/comments?post=3424"}],"version-history":[{"count":11,"href":"https:\/\/www.rmk.be\/fr\/wp-json\/wp\/v2\/pages\/3424\/revisions"}],"predecessor-version":[{"id":4965,"href":"https:\/\/www.rmk.be\/fr\/wp-json\/wp\/v2\/pages\/3424\/revisions\/4965"}],"wp:attachment":[{"href":"https:\/\/www.rmk.be\/fr\/wp-json\/wp\/v2\/media?parent=3424"}],"curies":[{"name":"wp","href":"https:\/\/api.w.org\/{rel}","templated":true}]}}